{"id":3841530,"date":"2022-08-31T07:05:53","date_gmt":"2025-03-10T05:59:41","guid":{"rendered":"https:\/\/shop.diolosa.com\/product\/he-xian-tang\/"},"modified":"2025-04-24T20:23:19","modified_gmt":"2025-04-24T19:23:19","slug":"he-xian-tang","status":"publish","type":"product","link":"https:\/\/shop.diolosa.com\/pl\/product\/he-xian-tang\/","title":{"rendered":"He Xian Tang"},"content":{"rendered":"<p><strong>HE XIAN TANG &#8222;dwa nie\u015bmiertelne dekokty&#8221;<\/strong><\/p>\n<p><strong>Os\u0142abienie nerek yin i yang<\/strong><br \/>\n<strong>Dysharmonia mi\u0119dzy Chong i Ren Mai  <\/strong><\/p>\n<p>&nbsp;<\/p>\n<p>&nbsp;<\/p>\n<p>Granulki zio\u0142owe wed\u0142ug tradycyjnej medycyny chi\u0144skiej<\/p>\n<p>Suplementy diety<\/p>\n<p>Rozgrzewa i tonizuje yang<\/p>\n<p>Producent: Apteka Boznerplatz<\/p>\n<p>W 100% sprawdzone sk\u0142adniki wysokiej jako\u015bci<\/p>\n<p>&nbsp;<\/p>\n<p>&nbsp;<\/p>\n<p>&nbsp;<\/p>\n","protected":false},"excerpt":{"rendered":"<p>&nbsp;<\/p>\n<p>&nbsp;<\/p>\n<p>&nbsp;<\/p>\n<p>&nbsp;<\/p>\n","protected":false},"featured_media":3841022,"template":"","meta":{"_acf_changed":false},"product_brand":[],"product_cat":[12155],"product_tag":[],"class_list":{"0":"post-3841530","1":"product","2":"type-product","3":"status-publish","4":"has-post-thumbnail","6":"product_cat-wzory-wzorcowe","8":"first","9":"instock","10":"taxable","11":"shipping-taxable","12":"purchasable","13":"product-type-simple"},"acf":{"yn_product_audio":"https:\/\/shop.diolosa.com\/wp-content\/uploads\/2022\/10\/DL_ErxianTang.m4a","yn_product_video":"https:\/\/shop.diolosa.com\/wp-content\/uploads\/2025\/04\/Er-Xian-Tang.mp4","yn_product_akupunktur":"<p><strong>Niedob\u00f3r Yang nerek<\/strong> > Du-4 \u547d\u9580 m\u00ecng m\u00e9n, Bladder\/Badder-23 \u814e\u4fde sh\u00e8n sh\u016b, Kidneys\/Kidneys-3 \u592a\u8c3f ta\u00ec x\u012b. > <strong>Niedob\u00f3r yin nerek<\/strong> > \u015aledziona-6 \u4e09\u9670\u4ea4 s\u0101n y\u012bn ji\u0101o, P\u0119cherz-43 \u818f\u8093\u4fde g\u0101o hu\u0101ng sh\u016b, Woreczek \u017c\u00f3\u0142ciowy-39 \u61f8\u9418 xu\u00e1n zh\u014dng, Nerki-6 \u7167\u6d77 zh\u00e0o h\u01cei (yin qiao mai), P\u0142uca-7 v\u5217\u7f3a li\u00e8 qu\u0113 , \u017bo\u0142\u0105dek-36 \u8db3\u4e09\u91cc z\u00fa s\u0101n l\u01d0. bu fa<\/p>\n<p>Shen Calming : EX-HN3 &#8211; \u5370\u5802 Yin Tang ., EX-HN-1 &#8211; \u56db\u795e\u806a &#8211; si shen cong xie fa<\/p>\n<p>\u00a0<\/p>\n","yn_product_verabreichungsart":"Peletki 200 szt.","yn_product_dosierung":"<p>Przyjmowa\u0107 3 x 3 do 6 tabletek dziennie, popijaj\u0105c wod\u0105.<\/p>\n<p>\u00a0<\/p>\n","yn_product_combinations":"<p><b>EARTH<span class=\"Apple-converted-space\">  <\/span><\/b> PILLAR <b><span class=\"Apple-converted-space\"> <\/span> (chroniczny b\u00f3l plec\u00f3w),<\/b> <b>SECRET POWER <\/b>(impotencja), <b>WATER BALANCE <\/b>(nietrzymanie moczu), <b>WATER WAY<span class=\"Apple-converted-space\">  <\/span><\/b>(obrz\u0119ki),<span class=\"Apple-converted-space\"> <\/span> <b> RINCHEN TEE , KORZE\u0143 YANG, ROZGRZEWANIE KORZENIA <\/b>(niedob\u00f3r Yang i Jing nerek),<\/p>\n<p><b>SAN BAO TEE<span class=\"Apple-converted-space\"> <\/span><\/b> (niedob\u00f3r Yin w nerkach), <b>DEEP SLEEP NIGHT <\/b>(bezsenno\u015b\u0107), <b>COOL MOON <\/b>(menauposis), <b>CLEARING HEAT<span class=\"Apple-converted-space\"> <\/span><\/b> (niedob\u00f3r Yin z pustym ciep\u0142em), <b>NOURISHING THE ESSENCE<span class=\"Apple-converted-space\">  <\/span><\/b>(niedob\u00f3r Yin i Jin Ye),<span class=\"Apple-converted-space\"> <\/span> <b> REGENERACJA<span class=\"Apple-converted-space\">  <\/span><\/b>(niedob\u00f3r Qi i Yang prowadzi do niedoboru Yin)<\/p>\n<p>\u00a0<\/p>\n","yn_product_avoidable":"<p>Wszystkie pokarmy, kt\u00f3re wytwarzaj\u0105 wewn\u0119trzn\u0105 zimn\u0105 wilgo\u0107, s\u0105 zabronione podczas terapii. Konieczne jest spo\u017cywanie ciep\u0142ych napoj\u00f3w i jedzenia, kt\u00f3re zosta\u0142o ugotowane lub przygotowane z aromatycznymi przyprawami. Nie nale\u017cy r\u00f3wnie\u017c pi\u0107 podczas jedzenia, ale przed lub po posi\u0142kach i zawsze ciep\u0142e napoje.  <\/p>\n<p>Sa\u0142ata li\u015bciasta, endywia, cykoria, karczochy, kie\u0142ki fasoli, tofu, mleko sojowe, mleko ry\u017cowe, zielona herbata, czarna herbata, kawa, cappuccino, latte, cukier, produkty mleczne, mleko krowie, serek \u015bmietankowy, jogurt, owoce egzotyczne, Banan, mango, gruszka, jab\u0142ko, kompot owocowy, ciasto, herbatniki, czekolada, napoje z cukrem, Fanta, Coca Cola, \u017cywno\u015b\u0107 energetyzuj\u0105ca, napoje zimne i mro\u017cone, lody, \u017cywno\u015b\u0107 mro\u017cona, kuchenka mikrofalowa.<\/p>\n<p>\u00a0<\/p>\n","yn_product_tcm_mindmapping":"<p>Niedob\u00f3r Yin i Yang w nerkach > Pustka Chong Mai i Ren Mai<\/p>\n<p>\u00a0<\/p>\n","yn_product_tongue_body":"<p>Niski, s\u0142aby, blady<\/p>\n<p>\u00a0<\/p>\n","yn_product_tongue_coating":"<p>Bia\u0142y, cienki<\/p>\n<p>\u00a0<\/p>\n","yn_product_pulse_diagnostics":"<p>Fu Mai &#8211; puls powierzchowny, Duan Mai &#8211; puls kr\u00f3tki, Xi Mai &#8211; puls nitkowaty, Xu Mai &#8211; puls pusty, Shuo Mai &#8211; puls szybki.<\/p>\n<p>\u00a0<\/p>\n","yn_product_indications":"<p>Nieregularne miesi\u0105czki<br \/>\nUderzenia gor\u0105ca, zawroty g\u0142owy<br \/>\nSzumy uszne, nocne poty<br \/>\nPocenie si\u0119, nerwowo\u015b\u0107, zwiotczenie mi\u0119\u015bni<br \/>\nZm\u0119czenie, wahania nastroju<br \/>\nZimne stopy, zm\u0119czenie, cz\u0119ste oddawanie moczu, dra\u017cliwo\u015b\u0107, b\u00f3le g\u0142owy, ko\u0142atanie serca<br \/>\nBezsenno\u015b\u0107<\/p>\n<p>\u00a0<\/p>\n","yn_product_contra_indications":"<p>Wilgo\u0107 i flegma Zimno\/gor\u0105co, Wen Bing Xue (choroby termiczne), wiatr Zimno i wilgo\u0107<\/p>\n<p>\u00a0<\/p>\n","yn_product_pregnancy":"<p>Niedozwolone<\/p>\n<p>\u00a0<\/p>\n","yn_product_herbs":"<p>\u00a0<\/p>\n<p>\u00a0<\/p>\n","yn_product_magisterrecipes":"<p>Xian Mao \u4ed9\u8305 (Rhizoma Curculiginis). (22,8%)<\/p>\n<p>Yin Yang Huo \u6deb\u7f8a\u85ff (Herba Epimedii)o (22,8%)<\/p>\n<p>Ba Ji Tian \u5df4\u621f\u5929 (Radix Morindae Officinalis) (13,6%)<\/p>\n<p>Huang Bo \u9ec4\u67cf (Cortex Phellodendri)<br \/>\n(13,6%)<\/p>\n<p>Zhi Mu \u77e5\u6bcd (Rhizoma Anemarrhenae) (13,6%)<\/p>\n<p>Dang Gui \u5f53\u5f52 (Radix Angelicae Sinensis)i (13,6%)<\/p>\n<p>\u00a0<\/p>\n"},"yoast_head":"<!-- This site is optimized with the Yoast SEO plugin v24.9 - https:\/\/yoast.com\/wordpress\/plugins\/seo\/ -->\n<title>He Xian Tang - Claude Diolosa<\/title>\n<meta name=\"robots\" content=\"index, follow, max-snippet:-1, max-image-preview:large, max-video-preview:-1\" \/>\n<link rel=\"canonical\" href=\"https:\/\/shop.diolosa.com\/pl\/product\/he-xian-tang\/\" \/>\n<meta property=\"og:locale\" content=\"pl_PL\" \/>\n<meta property=\"og:type\" content=\"article\" \/>\n<meta property=\"og:title\" content=\"He Xian Tang - Claude Diolosa\" \/>\n<meta property=\"og:description\" content=\"&nbsp; &nbsp; &nbsp; &nbsp;\" \/>\n<meta property=\"og:url\" content=\"https:\/\/shop.diolosa.com\/pl\/product\/he-xian-tang\/\" \/>\n<meta property=\"og:site_name\" content=\"Claude Diolosa\" \/>\n<meta property=\"article:publisher\" content=\"https:\/\/facebook.com\/claudediolosa\" \/>\n<meta property=\"article:modified_time\" content=\"2025-04-24T19:23:19+00:00\" \/>\n<meta property=\"og:image\" content=\"https:\/\/shop.diolosa.com\/wp-content\/uploads\/2022\/08\/magisterformel.jpg\" \/>\n\t<meta property=\"og:image:width\" content=\"800\" \/>\n\t<meta property=\"og:image:height\" content=\"533\" \/>\n\t<meta property=\"og:image:type\" content=\"image\/jpeg\" \/>\n<meta name=\"twitter:card\" content=\"summary_large_image\" \/>\n<script type=\"application\/ld+json\" class=\"yoast-schema-graph\">{\"@context\":\"https:\/\/schema.org\",\"@graph\":[{\"@type\":\"WebPage\",\"@id\":\"https:\/\/shop.diolosa.com\/pl\/product\/he-xian-tang\/\",\"url\":\"https:\/\/shop.diolosa.com\/pl\/product\/he-xian-tang\/\",\"name\":\"He Xian Tang - Claude Diolosa\",\"isPartOf\":{\"@id\":\"https:\/\/shop.diolosa.com\/pl\/#website\"},\"primaryImageOfPage\":{\"@id\":\"https:\/\/shop.diolosa.com\/pl\/product\/he-xian-tang\/#primaryimage\"},\"image\":{\"@id\":\"https:\/\/shop.diolosa.com\/pl\/product\/he-xian-tang\/#primaryimage\"},\"thumbnailUrl\":\"https:\/\/shop.diolosa.com\/wp-content\/uploads\/2022\/08\/magisterformel.jpg\",\"datePublished\":\"2025-03-10T05:59:41+00:00\",\"dateModified\":\"2025-04-24T19:23:19+00:00\",\"breadcrumb\":{\"@id\":\"https:\/\/shop.diolosa.com\/pl\/product\/he-xian-tang\/#breadcrumb\"},\"inLanguage\":\"pl-PL\",\"potentialAction\":[{\"@type\":\"ReadAction\",\"target\":[\"https:\/\/shop.diolosa.com\/pl\/product\/he-xian-tang\/\"]}]},{\"@type\":\"ImageObject\",\"inLanguage\":\"pl-PL\",\"@id\":\"https:\/\/shop.diolosa.com\/pl\/product\/he-xian-tang\/#primaryimage\",\"url\":\"https:\/\/shop.diolosa.com\/wp-content\/uploads\/2022\/08\/magisterformel.jpg\",\"contentUrl\":\"https:\/\/shop.diolosa.com\/wp-content\/uploads\/2022\/08\/magisterformel.jpg\",\"width\":800,\"height\":533},{\"@type\":\"BreadcrumbList\",\"@id\":\"https:\/\/shop.diolosa.com\/pl\/product\/he-xian-tang\/#breadcrumb\",\"itemListElement\":[{\"@type\":\"ListItem\",\"position\":1,\"name\":\"Startseite\",\"item\":\"https:\/\/shop.diolosa.com\/pl\/?page_id=3835710\"},{\"@type\":\"ListItem\",\"position\":2,\"name\":\"Sklep\",\"item\":\"https:\/\/shop.diolosa.com\/pl\/?page_id=3835710\"},{\"@type\":\"ListItem\",\"position\":3,\"name\":\"He Xian Tang\"}]},{\"@type\":\"WebSite\",\"@id\":\"https:\/\/shop.diolosa.com\/pl\/#website\",\"url\":\"https:\/\/shop.diolosa.com\/pl\/\",\"name\":\"Claude Diolosa\",\"description\":\"\",\"publisher\":{\"@id\":\"https:\/\/shop.diolosa.com\/pl\/#organization\"},\"potentialAction\":[{\"@type\":\"SearchAction\",\"target\":{\"@type\":\"EntryPoint\",\"urlTemplate\":\"https:\/\/shop.diolosa.com\/pl\/?s={search_term_string}\"},\"query-input\":{\"@type\":\"PropertyValueSpecification\",\"valueRequired\":true,\"valueName\":\"search_term_string\"}}],\"inLanguage\":\"pl-PL\"},{\"@type\":\"Organization\",\"@id\":\"https:\/\/shop.diolosa.com\/pl\/#organization\",\"name\":\"Claude Diolosa\",\"url\":\"https:\/\/shop.diolosa.com\/pl\/\",\"logo\":{\"@type\":\"ImageObject\",\"inLanguage\":\"pl-PL\",\"@id\":\"https:\/\/shop.diolosa.com\/pl\/#\/schema\/logo\/image\/\",\"url\":\"https:\/\/shop.diolosa.com\/wp-content\/uploads\/2019\/08\/diolosa-drop-logo-new.png\",\"contentUrl\":\"https:\/\/shop.diolosa.com\/wp-content\/uploads\/2019\/08\/diolosa-drop-logo-new.png\",\"width\":134,\"height\":176,\"caption\":\"Claude Diolosa\"},\"image\":{\"@id\":\"https:\/\/shop.diolosa.com\/pl\/#\/schema\/logo\/image\/\"},\"sameAs\":[\"https:\/\/facebook.com\/claudediolosa\",\"https:\/\/www.instagram.com\/diolosaclaude108\/\"]}]}<\/script>\n<!-- \/ Yoast SEO plugin. -->","yoast_head_json":{"title":"He Xian Tang - Claude Diolosa","robots":{"index":"index","follow":"follow","max-snippet":"max-snippet:-1","max-image-preview":"max-image-preview:large","max-video-preview":"max-video-preview:-1"},"canonical":"https:\/\/shop.diolosa.com\/pl\/product\/he-xian-tang\/","og_locale":"pl_PL","og_type":"article","og_title":"He Xian Tang - Claude Diolosa","og_description":"&nbsp; &nbsp; &nbsp; &nbsp;","og_url":"https:\/\/shop.diolosa.com\/pl\/product\/he-xian-tang\/","og_site_name":"Claude Diolosa","article_publisher":"https:\/\/facebook.com\/claudediolosa","article_modified_time":"2025-04-24T19:23:19+00:00","og_image":[{"width":800,"height":533,"url":"https:\/\/shop.diolosa.com\/wp-content\/uploads\/2022\/08\/magisterformel.jpg","type":"image\/jpeg"}],"twitter_card":"summary_large_image","schema":{"@context":"https:\/\/schema.org","@graph":[{"@type":"WebPage","@id":"https:\/\/shop.diolosa.com\/pl\/product\/he-xian-tang\/","url":"https:\/\/shop.diolosa.com\/pl\/product\/he-xian-tang\/","name":"He Xian Tang - Claude Diolosa","isPartOf":{"@id":"https:\/\/shop.diolosa.com\/pl\/#website"},"primaryImageOfPage":{"@id":"https:\/\/shop.diolosa.com\/pl\/product\/he-xian-tang\/#primaryimage"},"image":{"@id":"https:\/\/shop.diolosa.com\/pl\/product\/he-xian-tang\/#primaryimage"},"thumbnailUrl":"https:\/\/shop.diolosa.com\/wp-content\/uploads\/2022\/08\/magisterformel.jpg","datePublished":"2025-03-10T05:59:41+00:00","dateModified":"2025-04-24T19:23:19+00:00","breadcrumb":{"@id":"https:\/\/shop.diolosa.com\/pl\/product\/he-xian-tang\/#breadcrumb"},"inLanguage":"pl-PL","potentialAction":[{"@type":"ReadAction","target":["https:\/\/shop.diolosa.com\/pl\/product\/he-xian-tang\/"]}]},{"@type":"ImageObject","inLanguage":"pl-PL","@id":"https:\/\/shop.diolosa.com\/pl\/product\/he-xian-tang\/#primaryimage","url":"https:\/\/shop.diolosa.com\/wp-content\/uploads\/2022\/08\/magisterformel.jpg","contentUrl":"https:\/\/shop.diolosa.com\/wp-content\/uploads\/2022\/08\/magisterformel.jpg","width":800,"height":533},{"@type":"BreadcrumbList","@id":"https:\/\/shop.diolosa.com\/pl\/product\/he-xian-tang\/#breadcrumb","itemListElement":[{"@type":"ListItem","position":1,"name":"Startseite","item":"https:\/\/shop.diolosa.com\/pl\/?page_id=3835710"},{"@type":"ListItem","position":2,"name":"Sklep","item":"https:\/\/shop.diolosa.com\/pl\/?page_id=3835710"},{"@type":"ListItem","position":3,"name":"He Xian Tang"}]},{"@type":"WebSite","@id":"https:\/\/shop.diolosa.com\/pl\/#website","url":"https:\/\/shop.diolosa.com\/pl\/","name":"Claude Diolosa","description":"","publisher":{"@id":"https:\/\/shop.diolosa.com\/pl\/#organization"},"potentialAction":[{"@type":"SearchAction","target":{"@type":"EntryPoint","urlTemplate":"https:\/\/shop.diolosa.com\/pl\/?s={search_term_string}"},"query-input":{"@type":"PropertyValueSpecification","valueRequired":true,"valueName":"search_term_string"}}],"inLanguage":"pl-PL"},{"@type":"Organization","@id":"https:\/\/shop.diolosa.com\/pl\/#organization","name":"Claude Diolosa","url":"https:\/\/shop.diolosa.com\/pl\/","logo":{"@type":"ImageObject","inLanguage":"pl-PL","@id":"https:\/\/shop.diolosa.com\/pl\/#\/schema\/logo\/image\/","url":"https:\/\/shop.diolosa.com\/wp-content\/uploads\/2019\/08\/diolosa-drop-logo-new.png","contentUrl":"https:\/\/shop.diolosa.com\/wp-content\/uploads\/2019\/08\/diolosa-drop-logo-new.png","width":134,"height":176,"caption":"Claude Diolosa"},"image":{"@id":"https:\/\/shop.diolosa.com\/pl\/#\/schema\/logo\/image\/"},"sameAs":["https:\/\/facebook.com\/claudediolosa","https:\/\/www.instagram.com\/diolosaclaude108\/"]}]}},"_links":{"self":[{"href":"https:\/\/shop.diolosa.com\/pl\/wp-json\/wp\/v2\/product\/3841530","targetHints":{"allow":["GET"]}}],"collection":[{"href":"https:\/\/shop.diolosa.com\/pl\/wp-json\/wp\/v2\/product"}],"about":[{"href":"https:\/\/shop.diolosa.com\/pl\/wp-json\/wp\/v2\/types\/product"}],"wp:featuredmedia":[{"embeddable":true,"href":"https:\/\/shop.diolosa.com\/pl\/wp-json\/wp\/v2\/media\/3841022"}],"wp:attachment":[{"href":"https:\/\/shop.diolosa.com\/pl\/wp-json\/wp\/v2\/media?parent=3841530"}],"wp:term":[{"taxonomy":"product_brand","embeddable":true,"href":"https:\/\/shop.diolosa.com\/pl\/wp-json\/wp\/v2\/product_brand?post=3841530"},{"taxonomy":"product_cat","embeddable":true,"href":"https:\/\/shop.diolosa.com\/pl\/wp-json\/wp\/v2\/product_cat?post=3841530"},{"taxonomy":"product_tag","embeddable":true,"href":"https:\/\/shop.diolosa.com\/pl\/wp-json\/wp\/v2\/product_tag?post=3841530"}],"curies":[{"name":"wp","href":"https:\/\/api.w.org\/{rel}","templated":true}]}}